{"id":260,"date":"2023-11-18T13:09:44","date_gmt":"2023-11-18T12:09:44","guid":{"rendered":"https:\/\/www.dfc-bremen.de\/wp\/?page_id=260"},"modified":"2026-03-18T17:16:46","modified_gmt":"2026-03-18T16:16:46","slug":"ueber-uns-fr","status":"publish","type":"page","link":"https:\/\/www.dfc-bremen.de\/wp\/fr\/ueber-uns-fr\/","title":{"rendered":"\u00dcber Uns fr"},"content":{"rendered":"<div class=\"fusion-fullwidth fullwidth-box fusion-builder-row-1 fusion-flex-container has-pattern-background has-mask-background nonhundred-percent-fullwidth non-hundred-percent-height-scrolling\" style=\"--awb-border-radius-top-left:0px;--awb-border-radius-top-right:0px;--awb-border-radius-bottom-right:0px;--awb-border-radius-bottom-left:0px;--awb-flex-wrap:wrap;\" ><div class=\"fusion-builder-row fusion-row fusion-flex-align-items-flex-start fusion-flex-content-wrap\" style=\"max-width:1248px;margin-left: calc(-4% \/ 2 );margin-right: calc(-4% \/ 2 );\"><div class=\"fusion-layout-column fusion_builder_column fusion-builder-column-0 fusion_builder_column_1_6 1_6 fusion-flex-column\" style=\"--awb-bg-size:cover;--awb-width-large:16.666666666667%;--awb-margin-top-large:0px;--awb-spacing-right-large:11.52%;--awb-margin-bottom-large:20px;--awb-spacing-left-large:11.52%;--awb-width-medium:16.666666666667%;--awb-order-medium:0;--awb-spacing-right-medium:11.52%;--awb-spacing-left-medium:11.52%;--awb-width-small:100%;--awb-order-small:0;--awb-spacing-right-small:1.92%;--awb-spacing-left-small:1.92%;\"><div class=\"fusion-column-wrapper fusion-column-has-shadow fusion-flex-justify-content-flex-start fusion-content-layout-column\"><\/div><\/div><div class=\"fusion-layout-column fusion_builder_column fusion-builder-column-1 fusion_builder_column_2_3 2_3 fusion-flex-column\" style=\"--awb-bg-size:cover;--awb-width-large:66.666666666667%;--awb-margin-top-large:0px;--awb-spacing-right-large:2.88%;--awb-margin-bottom-large:20px;--awb-spacing-left-large:2.88%;--awb-width-medium:66.666666666667%;--awb-order-medium:0;--awb-spacing-right-medium:2.88%;--awb-spacing-left-medium:2.88%;--awb-width-small:100%;--awb-order-small:0;--awb-spacing-right-small:1.92%;--awb-spacing-left-small:1.92%;\"><div class=\"fusion-column-wrapper fusion-column-has-shadow fusion-flex-justify-content-flex-start fusion-content-layout-column\"><div class=\"fusion-text fusion-text-1\"><div class=\"inhalttext\">\n<h1>Bienvenue sur notre site internet!<\/h1>\n<p>Le Ch\u0153ur Franco-Allemand de Br\u00eame &#8211; fond\u00e9 en 1996 &#8211; est un ch\u0153ur mixte compos\u00e9 d&#8217;environ 28 chanteurs et chanteuses. Outre le plaisir de chanter ensemble, nous sommes unis par notre enthousiasme pour la culture et le mode de vie fran\u00e7ais. Ainsi, nous organisons r\u00e9guli\u00e8rement des concerts communs dans les deux pays avec des ch\u0153urs partenaires d&#8217;Allemagne et de France.<\/p>\n<p>L&#8217;\u00e9change culturel et la compr\u00e9hension entre les personnes par-del\u00e0 des fronti\u00e8res linguistiques et nationales sont tr\u00e8s importants pour nous. Les rencontres avec des ch\u0153urs de diff\u00e9rents pays nous permettent de nouer de nouvelles amiti\u00e9s et d&#8217;ajouter r\u00e9guli\u00e8rement de nouveaux chants \u00e0 notre r\u00e9pertoire. Lors de nombreux concerts communs, notamment \u00e0 Paris, Lyon, Nantes, Toulouse, Aurillac, Varsovie, Berlin et Dresde, nous avons fait l&#8217;exp\u00e9rience qu&#8217;en chantant, les diff\u00e9rences linguistiques et culturelles disparaissent et que le son commun procure un sentiment d&#8217;appartenance qui n&#8217;est comparable \u00e0 aucune autre forme de rencontre.<\/p>\n<p>Depuis f\u00e9vrier 2026, le ch\u0153ur est dirig\u00e9 par <strong>Sylvia Klingler<\/strong>, plus de d\u00e9tails sous <a href=\"http:\/\/www.dfc-bremen.de\/wp\/fr\/chorleitung-fr\/\">Chef de ch\u0153ur<\/a>.<\/p>\n<p>L&#8217;histoire des ch\u0153urs franco-allemands remonte \u00e0 1965. C&#8217;est \u00e0 cette \u00e9poque que Bernard Lallement a cr\u00e9\u00e9 le premier ch\u0153ur franco-allemand \u00e0 Berlin. Plus tard, les ch\u0153urs se sont organis\u00e9s en une f\u00e9d\u00e9ration, la <a href=\"http:\/\/www.cfa-dfc.org\" target=\"_blank\" rel=\"noopener\">F\u00e9d\u00e9ration des Ch\u0153urs Franco-Allemands<\/a>. Aujourd&#8217;hui, des ch\u0153urs d&#8217;Aix-la-Chapelle, d&#8217;Aurillac, de Berlin, de Bonn, de Br\u00eame, de Hambourg, de Fribourg, de Cologne, de Lyon, de Munich, de Paris, du Mans, de Boulogne-sur-Mer, de Strasbourg, de Toulouse en font partie, et une amiti\u00e9 tr\u00e8s \u00e9troite et de longue date lie les ch\u0153urs de la F\u00e9d\u00e9ration au Ch\u00f3r Mieddzyuczelniany de Varsovie et \u00e0 une chorale de Zurich.<\/p>\n<p>Vous souhaitez chanter avec nous ? Nous sommes actuellement bien pourvus en voix f\u00e9minines, mais nous avons encore besoin de renforts au t\u00e9nor et \u00e0 la basse.<\/p>\n<p>Envoyez-nous un e-mail \u00e0 <u><\/u><a href=\"mailto:dt-franzchorbremen@posteo.de\">dt-franzchorbremen@posteo.de<\/a><\/p>\n<\/div>\n<\/div><div class=\"fusion-separator fusion-full-width-sep\" style=\"align-self: center;margin-left: auto;margin-right: auto;margin-top:20px;margin-bottom:20px;width:100%;\"><\/div><div class=\"fusion-image-element awb-imageframe-style awb-imageframe-style-below awb-imageframe-style-1\" style=\"--awb-caption-margin-bottom:20px;--awb-caption-title-font-family:var(--h4_typography-font-family);--awb-caption-title-font-weight:var(--h4_typography-font-weight);--awb-caption-title-font-style:var(--h4_typography-font-style);--awb-caption-title-size:var(--h4_typography-font-size);--awb-caption-title-transform:var(--h4_typography-text-transform);--awb-caption-title-line-height:var(--h4_typography-line-height);--awb-caption-title-letter-spacing:var(--h4_typography-letter-spacing);\"><span class=\" fusion-imageframe imageframe-none imageframe-1 hover-type-none\"><img decoding=\"async\" width=\"1200\" height=\"1147\" title=\"monikajessing_chor-web-farbe-sopran\" src=\"https:\/\/www.dfc-bremen.de\/wp\/wp-content\/uploads\/2023\/08\/monikajessing_chor-web-farbe-sopran.jpg\" alt class=\"img-responsive wp-image-137\" srcset=\"https:\/\/www.dfc-bremen.de\/wp\/wp-content\/uploads\/2023\/08\/monikajessing_chor-web-farbe-sopran-200x191.jpg 200w, https:\/\/www.dfc-bremen.de\/wp\/wp-content\/uploads\/2023\/08\/monikajessing_chor-web-farbe-sopran-400x382.jpg 400w, https:\/\/www.dfc-bremen.de\/wp\/wp-content\/uploads\/2023\/08\/monikajessing_chor-web-farbe-sopran-600x574.jpg 600w, https:\/\/www.dfc-bremen.de\/wp\/wp-content\/uploads\/2023\/08\/monikajessing_chor-web-farbe-sopran-800x765.jpg 800w, https:\/\/www.dfc-bremen.de\/wp\/wp-content\/uploads\/2023\/08\/monikajessing_chor-web-farbe-sopran.jpg 1200w\" sizes=\"(max-width: 640px) 100vw, 800px\" \/><\/span><div class=\"awb-imageframe-caption-container\" style=\"text-align:center;\"><div class=\"awb-imageframe-caption\"><h4 class=\"awb-imageframe-caption-title\">Sopran<\/h4><\/div><\/div><\/div><div class=\"fusion-separator fusion-full-width-sep\" style=\"align-self: center;margin-left: auto;margin-right: auto;margin-top:20px;margin-bottom:20px;width:100%;\"><\/div><div class=\"fusion-image-element awb-imageframe-style awb-imageframe-style-below awb-imageframe-style-2\" style=\"--awb-caption-title-font-family:var(--h4_typography-font-family);--awb-caption-title-font-weight:var(--h4_typography-font-weight);--awb-caption-title-font-style:var(--h4_typography-font-style);--awb-caption-title-size:var(--h4_typography-font-size);--awb-caption-title-transform:var(--h4_typography-text-transform);--awb-caption-title-line-height:var(--h4_typography-line-height);--awb-caption-title-letter-spacing:var(--h4_typography-letter-spacing);\"><span class=\" fusion-imageframe imageframe-none imageframe-2 hover-type-none\"><img decoding=\"async\" width=\"1200\" height=\"1008\" title=\"monikajessing_chor-web-farbe-alt\" src=\"https:\/\/www.dfc-bremen.de\/wp\/wp-content\/uploads\/2023\/08\/monikajessing_chor-web-farbe-alt.jpg\" alt class=\"img-responsive wp-image-142\" srcset=\"https:\/\/www.dfc-bremen.de\/wp\/wp-content\/uploads\/2023\/08\/monikajessing_chor-web-farbe-alt-200x168.jpg 200w, https:\/\/www.dfc-bremen.de\/wp\/wp-content\/uploads\/2023\/08\/monikajessing_chor-web-farbe-alt-400x336.jpg 400w, https:\/\/www.dfc-bremen.de\/wp\/wp-content\/uploads\/2023\/08\/monikajessing_chor-web-farbe-alt-600x504.jpg 600w, https:\/\/www.dfc-bremen.de\/wp\/wp-content\/uploads\/2023\/08\/monikajessing_chor-web-farbe-alt-800x672.jpg 800w, https:\/\/www.dfc-bremen.de\/wp\/wp-content\/uploads\/2023\/08\/monikajessing_chor-web-farbe-alt.jpg 1200w\" sizes=\"(max-width: 640px) 100vw, 800px\" \/><\/span><div class=\"awb-imageframe-caption-container\" style=\"text-align:center;\"><div class=\"awb-imageframe-caption\"><h4 class=\"awb-imageframe-caption-title\">Alt<\/h4><\/div><\/div><\/div><div class=\"fusion-separator fusion-full-width-sep\" style=\"align-self: center;margin-left: auto;margin-right: auto;margin-top:20px;margin-bottom:20px;width:100%;\"><\/div><div class=\"fusion-image-element awb-imageframe-style awb-imageframe-style-below awb-imageframe-style-3\" style=\"--awb-caption-title-font-family:var(--h4_typography-font-family);--awb-caption-title-font-weight:var(--h4_typography-font-weight);--awb-caption-title-font-style:var(--h4_typography-font-style);--awb-caption-title-size:var(--h4_typography-font-size);--awb-caption-title-transform:var(--h4_typography-text-transform);--awb-caption-title-line-height:var(--h4_typography-line-height);--awb-caption-title-letter-spacing:var(--h4_typography-letter-spacing);\"><span class=\" fusion-imageframe imageframe-none imageframe-3 hover-type-none\"><img decoding=\"async\" width=\"1200\" height=\"1468\" title=\"monikajessing_chor-web-farbe-tenor\" src=\"https:\/\/www.dfc-bremen.de\/wp\/wp-content\/uploads\/2023\/08\/monikajessing_chor-web-farbe-tenor.jpg\" alt class=\"img-responsive wp-image-150\" srcset=\"https:\/\/www.dfc-bremen.de\/wp\/wp-content\/uploads\/2023\/08\/monikajessing_chor-web-farbe-tenor-200x245.jpg 200w, https:\/\/www.dfc-bremen.de\/wp\/wp-content\/uploads\/2023\/08\/monikajessing_chor-web-farbe-tenor-400x489.jpg 400w, https:\/\/www.dfc-bremen.de\/wp\/wp-content\/uploads\/2023\/08\/monikajessing_chor-web-farbe-tenor-600x734.jpg 600w, https:\/\/www.dfc-bremen.de\/wp\/wp-content\/uploads\/2023\/08\/monikajessing_chor-web-farbe-tenor-800x979.jpg 800w, https:\/\/www.dfc-bremen.de\/wp\/wp-content\/uploads\/2023\/08\/monikajessing_chor-web-farbe-tenor.jpg 1200w\" sizes=\"(max-width: 640px) 100vw, 800px\" \/><\/span><div class=\"awb-imageframe-caption-container\" style=\"text-align:center;\"><div class=\"awb-imageframe-caption\"><h4 class=\"awb-imageframe-caption-title\">Tenor<\/h4><\/div><\/div><\/div><div class=\"fusion-separator fusion-full-width-sep\" style=\"align-self: center;margin-left: auto;margin-right: auto;margin-top:20px;margin-bottom:20px;width:100%;\"><\/div><div class=\"fusion-image-element awb-imageframe-style awb-imageframe-style-below awb-imageframe-style-4\" style=\"--awb-caption-title-font-family:var(--h4_typography-font-family);--awb-caption-title-font-weight:var(--h4_typography-font-weight);--awb-caption-title-font-style:var(--h4_typography-font-style);--awb-caption-title-size:var(--h4_typography-font-size);--awb-caption-title-transform:var(--h4_typography-text-transform);--awb-caption-title-line-height:var(--h4_typography-line-height);--awb-caption-title-letter-spacing:var(--h4_typography-letter-spacing);\"><span class=\" fusion-imageframe imageframe-none imageframe-4 hover-type-none\"><img decoding=\"async\" width=\"1200\" height=\"1608\" title=\"monikajessing_chor-web-farbe-bass\" src=\"https:\/\/www.dfc-bremen.de\/wp\/wp-content\/uploads\/2023\/08\/monikajessing_chor-web-farbe-bass.jpg\" alt class=\"img-responsive wp-image-151\" srcset=\"https:\/\/www.dfc-bremen.de\/wp\/wp-content\/uploads\/2023\/08\/monikajessing_chor-web-farbe-bass-200x268.jpg 200w, https:\/\/www.dfc-bremen.de\/wp\/wp-content\/uploads\/2023\/08\/monikajessing_chor-web-farbe-bass-400x536.jpg 400w, https:\/\/www.dfc-bremen.de\/wp\/wp-content\/uploads\/2023\/08\/monikajessing_chor-web-farbe-bass-600x804.jpg 600w, https:\/\/www.dfc-bremen.de\/wp\/wp-content\/uploads\/2023\/08\/monikajessing_chor-web-farbe-bass-800x1072.jpg 800w, https:\/\/www.dfc-bremen.de\/wp\/wp-content\/uploads\/2023\/08\/monikajessing_chor-web-farbe-bass.jpg 1200w\" sizes=\"(max-width: 640px) 100vw, 800px\" \/><\/span><div class=\"awb-imageframe-caption-container\" style=\"text-align:center;\"><div class=\"awb-imageframe-caption\"><h4 class=\"awb-imageframe-caption-title\">Bass<\/h4><\/div><\/div><\/div><div class=\"fusion-separator fusion-full-width-sep\" style=\"align-self: center;margin-left: auto;margin-right: auto;margin-top:20px;margin-bottom:20px;width:100%;\"><\/div><\/div><\/div><div class=\"fusion-layout-column fusion_builder_column fusion-builder-column-2 fusion_builder_column_1_6 1_6 fusion-flex-column\" style=\"--awb-bg-size:cover;--awb-width-large:16.666666666667%;--awb-margin-top-large:0px;--awb-spacing-right-large:11.52%;--awb-margin-bottom-large:20px;--awb-spacing-left-large:11.52%;--awb-width-medium:16.666666666667%;--awb-order-medium:0;--awb-spacing-right-medium:11.52%;--awb-spacing-left-medium:11.52%;--awb-width-small:100%;--awb-order-small:0;--awb-spacing-right-small:1.92%;--awb-spacing-left-small:1.92%;\"><div class=\"fusion-column-wrapper fusion-column-has-shadow fusion-flex-justify-content-flex-start fusion-content-layout-column\"><\/div><\/div><\/div><\/div>\n","protected":false},"excerpt":{"rendered":"","protected":false},"author":1,"featured_media":0,"parent":0,"menu_order":0,"comment_status":"closed","ping_status":"closed","template":"100-width.php","meta":{"footnotes":""},"class_list":["post-260","page","type-page","status-publish","hentry"],"_links":{"self":[{"href":"https:\/\/www.dfc-bremen.de\/wp\/wp-json\/wp\/v2\/pages\/260","targetHints":{"allow":["GET"]}}],"collection":[{"href":"https:\/\/www.dfc-bremen.de\/wp\/wp-json\/wp\/v2\/pages"}],"about":[{"href":"https:\/\/www.dfc-bremen.de\/wp\/wp-json\/wp\/v2\/types\/page"}],"author":[{"embeddable":true,"href":"https:\/\/www.dfc-bremen.de\/wp\/wp-json\/wp\/v2\/users\/1"}],"replies":[{"embeddable":true,"href":"https:\/\/www.dfc-bremen.de\/wp\/wp-json\/wp\/v2\/comments?post=260"}],"version-history":[{"count":16,"href":"https:\/\/www.dfc-bremen.de\/wp\/wp-json\/wp\/v2\/pages\/260\/revisions"}],"predecessor-version":[{"id":535,"href":"https:\/\/www.dfc-bremen.de\/wp\/wp-json\/wp\/v2\/pages\/260\/revisions\/535"}],"wp:attachment":[{"href":"https:\/\/www.dfc-bremen.de\/wp\/wp-json\/wp\/v2\/media?parent=260"}],"curies":[{"name":"wp","href":"https:\/\/api.w.org\/{rel}","templated":true}]}}